{"id":18,"date":"2021-09-29T13:01:49","date_gmt":"2021-09-29T13:01:49","guid":{"rendered":"https:\/\/divland.cz\/?page_id=18"},"modified":"2026-01-29T16:40:49","modified_gmt":"2026-01-29T15:40:49","slug":"divland","status":"publish","type":"page","link":"https:\/\/divland.cz\/en\/","title":{"rendered":"DivLand"},"content":{"rendered":"<p>[et_pb_section fb_built=&#8220;1&#8243; fullwidth=&#8220;on&#8220; _builder_version=&#8220;4.16&#8243; _module_preset=&#8220;default&#8220; global_colors_info=&#8220;{}&#8220;][et_pb_fullwidth_slider show_pagination=&#8220;off&#8220; _builder_version=&#8220;4.16&#8243; _module_preset=&#8220;default&#8220; background_enable_image=&#8220;off&#8220; module_alignment=&#8220;center&#8220; max_height=&#8220;577px&#8220; custom_margin=&#8220;0px||||false|false&#8220; custom_padding=&#8220;0px||0px||false|false&#8220; auto=&#8220;on&#8220; auto_ignore_hover=&#8220;on&#8220; hover_transition_duration=&#8220;0ms&#8220; custom_css_slide_description=&#8220;animation-name: none;&#8220; global_colors_info=&#8220;{}&#8220;][et_pb_slide heading=&#8220;DIVLAND&#8220; button_text=&#8220;v\u00edce o projektu&#8220; button_link=&#8220;@ET-DC@eyJkeW5hbWljIjp0cnVlLCJjb250ZW50IjoicG9zdF9saW5rX3VybF9wYWdlIiwic2V0dGluZ3MiOnsicG9zdF9pZCI6IjE5In19@&#8220; _builder_version=&#8220;4.16&#8243; _dynamic_attributes=&#8220;button_link&#8220; _module_preset=&#8220;default&#8220; header_level=&#8220;h2&#8243; header_font=&#8220;||||||||&#8220; header_text_align=&#8220;left&#8220; header_font_size=&#8220;55px&#8220; body_font=&#8220;|600|||||||&#8220; body_font_size=&#8220;34px&#8220; body_line_height=&#8220;1.8em&#8220; background_image=&#8220;https:\/\/divland.cz\/wp-content\/uploads\/2022\/03\/M-17-.jpg&#8220; background_enable_image=&#8220;on&#8220; custom_button=&#8220;on&#8220; button_text_size=&#8220;14px&#8220; button_bg_color=&#8220;#1D1B40&#8243; button_border_radius=&#8220;5px&#8220; button_letter_spacing=&#8220;1px&#8220; button_use_icon=&#8220;on&#8220; button_icon=&#8220;&#xf0c8;||fa||900&#8243; button_icon_color=&#8220;#C6C246&#8243; button_on_hover=&#8220;on&#8220; button_alignment=&#8220;left&#8220; button_custom_margin=&#8220;66px||||false|false&#8220; custom_padding=&#8220;150px||323px||false|false&#8220; hover_transition_duration=&#8220;0ms&#8220; header_text_shadow_style=&#8220;preset5&#8243; header_text_shadow_horizontal_length=&#8220;0.05em&#8220; header_text_shadow_vertical_length=&#8220;0.05em&#8220; header_text_shadow_blur_strength=&#8220;0.05em&#8220; header_text_shadow_color=&#8220;rgba(0,0,0,0.5)&#8220; body_text_shadow_style=&#8220;preset4&#8243; body_text_shadow_horizontal_length=&#8220;0.05em&#8220; body_text_shadow_vertical_length=&#8220;0.05em&#8220; body_text_shadow_blur_strength=&#8220;0.05em&#8220; body_text_shadow_color=&#8220;rgba(0,0,0,0.5)&#8220; global_colors_info=&#8220;{}&#8220; sticky_transition=&#8220;on&#8220;]<\/p>\n<p style=\"text-align: left;\">Centre for landscape and biodiversity<\/p>\n<p>[\/et_pb_slide][et_pb_slide heading=&#8220;DIVLAND&#8220; button_text=&#8220;v\u00edce o projektu&#8220; button_link=&#8220;@ET-DC@eyJkeW5hbWljIjp0cnVlLCJjb250ZW50IjoicG9zdF9saW5rX3VybF9wYWdlIiwic2V0dGluZ3MiOnsicG9zdF9pZCI6IjE5In19@&#8220; _builder_version=&#8220;4.16&#8243; _dynamic_attributes=&#8220;button_link&#8220; _module_preset=&#8220;default&#8220; header_level=&#8220;h2&#8243; header_font=&#8220;||||||||&#8220; header_text_align=&#8220;left&#8220; header_font_size=&#8220;55px&#8220; body_font=&#8220;|600|||||||&#8220; body_font_size=&#8220;34px&#8220; body_line_height=&#8220;1.8em&#8220; background_image=&#8220;https:\/\/divland.cz\/wp-content\/uploads\/2022\/03\/M-15-6.jpg&#8220; background_enable_image=&#8220;on&#8220; custom_button=&#8220;on&#8220; button_text_size=&#8220;14px&#8220; button_bg_color=&#8220;#1D1B40&#8243; button_border_radius=&#8220;5px&#8220; button_letter_spacing=&#8220;1px&#8220; button_use_icon=&#8220;on&#8220; button_icon=&#8220;&#xf0c8;||fa||900&#8243; button_icon_color=&#8220;#C6C246&#8243; button_on_hover=&#8220;on&#8220; button_alignment=&#8220;left&#8220; button_custom_margin=&#8220;66px||||false|false&#8220; custom_padding=&#8220;150px||323px||false|false&#8220; hover_transition_duration=&#8220;0ms&#8220; header_text_shadow_style=&#8220;preset5&#8243; header_text_shadow_horizontal_length=&#8220;0.05em&#8220; header_text_shadow_vertical_length=&#8220;0.05em&#8220; header_text_shadow_blur_strength=&#8220;0.05em&#8220; header_text_shadow_color=&#8220;rgba(0,0,0,0.5)&#8220; body_text_shadow_style=&#8220;preset4&#8243; body_text_shadow_horizontal_length=&#8220;0.05em&#8220; body_text_shadow_vertical_length=&#8220;0.05em&#8220; body_text_shadow_blur_strength=&#8220;0.05em&#8220; body_text_shadow_color=&#8220;rgba(0,0,0,0.5)&#8220; global_colors_info=&#8220;{}&#8220; sticky_transition=&#8220;on&#8220;]<\/p>\n<p style=\"text-align: left;\">Centre for landscape and biodiversity<\/p>\n<p>[\/et_pb_slide][et_pb_slide heading=&#8220;DIVLAND&#8220; button_text=&#8220;v\u00edce o projektu&#8220; button_link=&#8220;@ET-DC@eyJkeW5hbWljIjp0cnVlLCJjb250ZW50IjoicG9zdF9saW5rX3VybF9wYWdlIiwic2V0dGluZ3MiOnsicG9zdF9pZCI6IjE5In19@&#8220; _builder_version=&#8220;4.16&#8243; _dynamic_attributes=&#8220;button_link&#8220; _module_preset=&#8220;default&#8220; header_level=&#8220;h2&#8243; header_font=&#8220;||||||||&#8220; header_text_align=&#8220;left&#8220; header_font_size=&#8220;55px&#8220; body_font=&#8220;|600|||||||&#8220; body_font_size=&#8220;34px&#8220; body_line_height=&#8220;1.8em&#8220; background_image=&#8220;https:\/\/divland.cz\/wp-content\/uploads\/2022\/03\/M-15-9.jpg&#8220; background_enable_image=&#8220;on&#8220; custom_button=&#8220;on&#8220; button_text_size=&#8220;14px&#8220; button_bg_color=&#8220;#1D1B40&#8243; button_border_radius=&#8220;5px&#8220; button_letter_spacing=&#8220;1px&#8220; button_use_icon=&#8220;on&#8220; button_icon=&#8220;&#xf0c8;||fa||900&#8243; button_icon_color=&#8220;#C6C246&#8243; button_on_hover=&#8220;on&#8220; button_alignment=&#8220;left&#8220; button_custom_margin=&#8220;66px||||false|false&#8220; custom_padding=&#8220;150px||323px||false|false&#8220; hover_transition_duration=&#8220;0ms&#8220; header_text_shadow_style=&#8220;preset5&#8243; header_text_shadow_horizontal_length=&#8220;0.05em&#8220; header_text_shadow_vertical_length=&#8220;0.05em&#8220; header_text_shadow_blur_strength=&#8220;0.05em&#8220; header_text_shadow_color=&#8220;rgba(0,0,0,0.5)&#8220; body_text_shadow_style=&#8220;preset4&#8243; body_text_shadow_horizontal_length=&#8220;0.05em&#8220; body_text_shadow_vertical_length=&#8220;0.05em&#8220; body_text_shadow_blur_strength=&#8220;0.05em&#8220; body_text_shadow_color=&#8220;rgba(0,0,0,0.5)&#8220; global_colors_info=&#8220;{}&#8220; sticky_transition=&#8220;on&#8220;]<\/p>\n<p style=\"text-align: left;\">Centre for landscape and biodiversity<\/p>\n<p>[\/et_pb_slide][\/et_pb_fullwidth_slider][\/et_pb_section][et_pb_section fb_built=&#8220;1&#8243; _builder_version=&#8220;4.16&#8243; _module_preset=&#8220;default&#8220; background_color=&#8220;#1D1B40&#8243; custom_margin=&#8220;0px||118px||false|false&#8220; custom_padding=&#8220;0px||0px||false|false&#8220; global_colors_info=&#8220;{}&#8220;][et_pb_row column_structure=&#8220;1_3,1_3,1_3&#8243; _builder_version=&#8220;4.16&#8243; _module_preset=&#8220;default&#8220; width=&#8220;75%&#8220; max_width=&#8220;1207px&#8220; custom_margin=&#8220;-26px|auto|-180px|auto|false|false&#8220; custom_padding=&#8220;||0px||false|false&#8220; global_colors_info=&#8220;{}&#8220;][et_pb_column type=&#8220;1_3&#8243; _builder_version=&#8220;4.16&#8243; _module_preset=&#8220;default&#8220; global_colors_info=&#8220;{}&#8220;][et_pb_blurb title=&#8220;Posl\u00e1n\u00ed projektu&#8220; use_icon=&#8220;on&#8220; font_icon=&#8220;&#xe007;||divi||400&#8243; icon_color=&#8220;#C6C246&#8243; _builder_version=&#8220;4.16&#8243; _dynamic_attributes=&#8220;link_option_url&#8220; _module_preset=&#8220;default&#8220; header_font=&#8220;|600|||||||&#8220; background_color=&#8220;#FFFFFF&#8220; transform_translate=&#8220;0px|-89px&#8220; transform_translate_linked=&#8220;off&#8220; text_orientation=&#8220;center&#8220; width=&#8220;100%&#8220; max_width=&#8220;100%&#8220; min_height=&#8220;382px&#8220; custom_margin=&#8220;0px|||0px|false|false&#8220; custom_padding=&#8220;40px|34px|131px|34px|false|true&#8220; link_option_url=&#8220;@ET-DC@eyJkeW5hbWljIjp0cnVlLCJjb250ZW50IjoicG9zdF9saW5rX3VybF9wYWdlIiwic2V0dGluZ3MiOnsicG9zdF9pZCI6IjE4In19@&#8220; border_radii=&#8220;on|9px|9px|9px|9px&#8220; border_width_bottom=&#8220;33px&#8220; border_color_bottom=&#8220;#C6C246&#8243; box_shadow_style=&#8220;preset1&#8243; box_shadow_vertical=&#8220;10px&#8220; global_colors_info=&#8220;{}&#8220; transform_styles__hover_enabled=&#8220;on|hover&#8220; transform_scale__hover_enabled=&#8220;on|hover&#8220; transform_translate__hover_enabled=&#8220;on|desktop&#8220; transform_rotate__hover_enabled=&#8220;on|desktop&#8220; transform_skew__hover_enabled=&#8220;on|desktop&#8220; transform_origin__hover_enabled=&#8220;on|desktop&#8220; transform_scale__hover=&#8220;108%|108%&#8220; transform_translate__hover=&#8220;0px|-89px&#8220;]<\/p>\n<p class=\"translation-block\">The output results of Centre for landscape and biodiversity will help the nature conservation bodies (particularly The Ministry of the Environment of the Czech Republic) to solve ongoing problems in landscape and its ecosystems.<\/p>\n<p>[\/et_pb_blurb][\/et_pb_column][et_pb_column type=&#8220;1_3&#8243; _builder_version=&#8220;4.16&#8243; _module_preset=&#8220;default&#8220; global_colors_info=&#8220;{}&#8220;][et_pb_blurb title=&#8220;\u010c\u00edm se projekt zab\u00fdv\u00e1?&#8220; use_icon=&#8220;on&#8220; font_icon=&#8220;&#x3e;||divi||400&#8243; icon_color=&#8220;#C6C246&#8243; _builder_version=&#8220;4.16&#8243; _dynamic_attributes=&#8220;link_option_url&#8220; _module_preset=&#8220;default&#8220; header_font=&#8220;|600|||||||&#8220; background_color=&#8220;#FFFFFF&#8220; transform_translate=&#8220;0px|-89px&#8220; transform_translate_linked=&#8220;off&#8220; text_orientation=&#8220;center&#8220; width=&#8220;100%&#8220; max_width=&#8220;100%&#8220; custom_margin=&#8220;0px|||0px|false|false&#8220; custom_padding=&#8220;40px|34px|12px|34px|false|true&#8220; link_option_url=&#8220;@ET-DC@eyJkeW5hbWljIjp0cnVlLCJjb250ZW50IjoicG9zdF9saW5rX3VybF9wYWdlIiwic2V0dGluZ3MiOnsicG9zdF9pZCI6IjE5In19@&#8220; border_radii=&#8220;on|9px|9px|9px|9px&#8220; border_width_bottom=&#8220;33px&#8220; border_color_bottom=&#8220;#C6C246&#8243; box_shadow_style=&#8220;preset1&#8243; box_shadow_vertical=&#8220;10px&#8220; global_colors_info=&#8220;{}&#8220; transform_styles__hover_enabled=&#8220;on|hover&#8220; transform_scale__hover_enabled=&#8220;on|hover&#8220; transform_translate__hover_enabled=&#8220;on|desktop&#8220; transform_rotate__hover_enabled=&#8220;on|desktop&#8220; transform_skew__hover_enabled=&#8220;on|desktop&#8220; transform_origin__hover_enabled=&#8220;on|desktop&#8220; transform_scale__hover=&#8220;108%|108%&#8220; transform_translate__hover=&#8220;0px|-89px&#8220;]<\/p>\n<p class=\"translation-block\">DivLand branches into five thematic groups: Resilient landscape, Forest ecosystems, Agrosystems &amp; soil, Invasions and Functional biodiversity. These groups are further divided into work packages which contain concrete activities. Their ultimate result is usually a proposal of measures on how to treat landscape and its ecosystems in the future, so that they stay varied and resilient even in times of global environment shifts.<\/p>\n<p>[\/et_pb_blurb][\/et_pb_column][et_pb_column type=&#8220;1_3&#8243; _builder_version=&#8220;4.16&#8243; _module_preset=&#8220;default&#8220; global_colors_info=&#8220;{}&#8220;][et_pb_blurb title=&#8220;Kdo na projektu pracuje?&#8220; use_icon=&#8220;on&#8220; font_icon=&#8220;&#xe108;||divi||400&#8243; icon_color=&#8220;#C6C246&#8243; _builder_version=&#8220;4.16&#8243; _dynamic_attributes=&#8220;link_option_url&#8220; _module_preset=&#8220;default&#8220; header_font=&#8220;|600|||||||&#8220; background_color=&#8220;#FFFFFF&#8220; transform_translate=&#8220;0px|-89px&#8220; transform_translate_linked=&#8220;off&#8220; text_orientation=&#8220;center&#8220; width=&#8220;100%&#8220; max_width=&#8220;100%&#8220; custom_margin=&#8220;0px|||0px|false|false&#8220; custom_padding=&#8220;40px|34px|83px|34px|false|true&#8220; link_option_url=&#8220;@ET-DC@eyJkeW5hbWljIjp0cnVlLCJjb250ZW50IjoicG9zdF9saW5rX3VybF9wYWdlIiwic2V0dGluZ3MiOnsicG9zdF9pZCI6IjIyIn19@&#8220; border_radii=&#8220;on|9px|9px|9px|9px&#8220; border_width_bottom=&#8220;33px&#8220; border_color_bottom=&#8220;#C6C246&#8243; box_shadow_style=&#8220;preset1&#8243; box_shadow_vertical=&#8220;10px&#8220; global_colors_info=&#8220;{}&#8220; transform_styles__hover_enabled=&#8220;on|hover&#8220; transform_scale__hover_enabled=&#8220;on|hover&#8220; transform_translate__hover_enabled=&#8220;on|desktop&#8220; transform_rotate__hover_enabled=&#8220;on|desktop&#8220; transform_skew__hover_enabled=&#8220;on|desktop&#8220; transform_origin__hover_enabled=&#8220;on|desktop&#8220; transform_scale__hover=&#8220;108%|108%&#8220; transform_translate__hover=&#8220;0px|-89px&#8220;]<\/p>\n<p><span data-contrast=\"none\" xml:lang=\"CS-CZ\" lang=\"CS-CZ\" class=\"TextRun  BCX0 SCXW173622821\"><span class=\"NormalTextRun  BCX0 SCXW173622821\">The project is run by a consortum of eleven research institutions. Individual tasks are thus solved by top teams of experts who have been dealing with the issues of biodiversity changes, landscape dynamics and the functioning of individual ecosystems in the Czech Republic for a long time.<\/span><\/span><span class=\"EOP  BCX0 SCXW173622821\" data-ccp-props=\"{&quot;201341983&quot;:0,&quot;335551550&quot;:2,&quot;335551620&quot;:2,&quot;335559739&quot;:160,&quot;335559740&quot;:259}\">\u00a0<\/span><\/p>\n<p>[\/et_pb_blurb][\/et_pb_column][\/et_pb_row][\/et_pb_section][et_pb_section fb_built=&#8220;1&#8243; _builder_version=&#8220;4.16&#8243; _module_preset=&#8220;default&#8220; background_color=&#8220;RGBA(0,0,0,0)&#8220; background_enable_image=&#8220;off&#8220; custom_margin=&#8220;0px|||||&#8220; custom_padding=&#8220;0px||0px|||&#8220; global_colors_info=&#8220;{}&#8220;][et_pb_row _builder_version=&#8220;4.16&#8243; _module_preset=&#8220;default&#8220; global_colors_info=&#8220;{}&#8220;][et_pb_column type=&#8220;4_4&#8243; _builder_version=&#8220;4.16&#8243; _module_preset=&#8220;default&#8220; global_colors_info=&#8220;{}&#8220;][et_pb_text _builder_version=&#8220;4.21.0&#8243; _module_preset=&#8220;default&#8220; text_text_color=&#8220;#1D1B40&#8243; text_font_size=&#8220;15px&#8220; header_font_size=&#8220;25px&#8220; background_color=&#8220;#FFFFFF&#8220; width=&#8220;69%&#8220; max_width=&#8220;79%&#8220; module_alignment=&#8220;center&#8220; custom_margin=&#8220;10px||50px||false|false&#8220; custom_padding=&#8220;13px||0px||false|false&#8220; border_radii=&#8220;on|10px|10px|10px|10px&#8220; box_shadow_style=&#8220;preset1&#8243; box_shadow_vertical=&#8220;3px&#8220; box_shadow_color=&#8220;rgba(0,0,0,0.17)&#8220; inline_fonts=&#8220;Poppins&#8220; global_colors_info=&#8220;{}&#8220;]<\/p>\n<h1 style=\"text-align: center;\"><span style=\"font-family: Poppins;\">Better data, better tools, better decisions:<\/span><\/h1>\n<p>[\/et_pb_text][\/et_pb_column][\/et_pb_row][\/et_pb_section][et_pb_section fb_built=&#8220;1&#8243; _builder_version=&#8220;4.16&#8243; _module_preset=&#8220;default&#8220; background_color=&#8220;RGBA(0,0,0,0)&#8220; width=&#8220;100%&#8220; max_width=&#8220;100%&#8220; module_alignment=&#8220;center&#8220; custom_margin=&#8220;0px||||false|false&#8220; custom_padding=&#8220;0px||0px|||&#8220; global_colors_info=&#8220;{}&#8220;][et_pb_row column_structure=&#8220;1_2,1_2&#8243; _builder_version=&#8220;4.16&#8243; _module_preset=&#8220;default&#8220; width=&#8220;100%&#8220; max_width=&#8220;1835px&#8220; custom_padding=&#8220;||46px|||&#8220; global_colors_info=&#8220;{}&#8220;][et_pb_column type=&#8220;1_2&#8243; _builder_version=&#8220;4.16&#8243; _module_preset=&#8220;default&#8220; global_colors_info=&#8220;{}&#8220;][et_pb_blurb title=&#8220;Pro\u010d tento projekt vznikl?&#8220; use_icon=&#8220;on&#8220; font_icon=&#8220;&#xf0c8;||fa||900&#8243; icon_color=&#8220;#C6C246&#8243; icon_placement=&#8220;left&#8220; image_icon_width=&#8220;100%&#8220; _builder_version=&#8220;4.27.5&#8243; _module_preset=&#8220;default&#8220; header_text_color=&#8220;#1D1B40&#8243; header_font_size=&#8220;22px&#8220; body_text_align=&#8220;left&#8220; body_text_color=&#8220;#1D1B40&#8243; body_font_size=&#8220;18px&#8220; body_line_height=&#8220;1.2em&#8220; background_color=&#8220;#FFFFFF&#8220; width=&#8220;80%&#8220; max_width=&#8220;90%&#8220; module_alignment=&#8220;center&#8220; min_height=&#8220;567px&#8220; custom_margin=&#8220;|15px||15px|false|true&#8220; custom_padding=&#8220;40px|15px|40px|15px|true|true&#8220; hover_enabled=&#8220;0&#8243; border_radii=&#8220;on|9px|9px|9px|9px&#8220; border_color_top=&#8220;#E09900&#8243; box_shadow_style=&#8220;preset1&#8243; global_colors_info=&#8220;{}&#8220; sticky_enabled=&#8220;0&#8243;]<\/p>\n<p><span data-contrast=\"none\">As all other countries, Czech Republic must be prepared for climate change and related processes and risks. The key to solving a number of problems that can be expected lies in adaptation and mitigation measures in landscape or changes in management of selected ecosystems.<\/span><span data-ccp-props=\"{&quot;201341983&quot;:0,&quot;335551550&quot;:1,&quot;335551620&quot;:1,&quot;335559739&quot;:160,&quot;335559740&quot;:259}\">\u00a0<\/span><\/p>\n<p><span data-contrast=\"none\"> However, for responsible decisions in the field of nature and landscape management, the relevant authorities (especially the Ministry of the Environment of the Czech Republic) must have quality information at their disposal, supported by robust data. Databases of landscape use, structure and dynamics of individual ecosystems or the state of biodiversity often exist, but need to be supplemented, and especially thorough evaluation and interpretation is needed in order to propose the necessary measures. This is why the project DivLand - Centre for Landscape and biodiversity was created: it will help unify, supplement and standardize a number of sub-databases and information, which will be be compiled into useful outputs (research reports, catalogs of measures, workshops for users or book publications).<\/span><span data-ccp-props=\"{&quot;201341983&quot;:0,&quot;335551550&quot;:1,&quot;335551620&quot;:1,&quot;335559739&quot;:160,&quot;335559740&quot;:259}\">\u00a0<\/span><\/p>\n<p><span data-contrast=\"none\">The project will run for 6 years from 2021-2026.<\/span><span data-ccp-props=\"{&quot;201341983&quot;:0,&quot;335551550&quot;:1,&quot;335551620&quot;:1,&quot;335559739&quot;:160,&quot;335559740&quot;:259}\"><\/span><\/p>\n<p>&nbsp;<\/p>\n<p class=\"p1\">This project is financed from the state budget by the Technology Agency of the Czech Republic and the Ministry of the Environment within the \"Prost\u0159ed\u00ed pro \u017eivot\" Programme.<\/p>\n<p>[\/et_pb_blurb][\/et_pb_column][et_pb_column type=&#8220;1_2&#8243; _builder_version=&#8220;4.16&#8243; _module_preset=&#8220;default&#8220; global_colors_info=&#8220;{}&#8220;][et_pb_button button_url=&#8220;@ET-DC@eyJkeW5hbWljIjp0cnVlLCJjb250ZW50IjoicG9zdF9saW5rX3VybF9wYWdlIiwic2V0dGluZ3MiOnsicG9zdF9pZCI6IjI0In19@&#8220; button_text=&#8220;aktu\u00e1ln\u011b o projektu&#8220; button_alignment=&#8220;left&#8220; _builder_version=&#8220;4.16.0&#8243; _dynamic_attributes=&#8220;button_url&#8220; _module_preset=&#8220;default&#8220; custom_button=&#8220;on&#8220; button_text_size=&#8220;14px&#8220; button_text_color=&#8220;#ffffff&#8220; button_bg_color=&#8220;#1D1B40&#8243; button_bg_color_gradient_direction=&#8220;243deg&#8220; button_bg_color_gradient_stops=&#8220;#3D72E7 0%|#53a0fe 100%&#8220; button_bg_color_gradient_start=&#8220;#3D72E7&#8243; button_bg_color_gradient_end=&#8220;#53a0fe&#8220; button_border_width=&#8220;0px&#8220; button_border_radius=&#8220;3px&#8220; button_letter_spacing=&#8220;1px&#8220; button_font=&#8220;Nunito Sans|800||on|||||&#8220; button_icon=&#8220;&#xf0c8;||fa||900&#8243; button_icon_color=&#8220;#C6C246&#8243; custom_margin=&#8220;0px||35px||false|false&#8220; custom_padding=&#8220;5px||||false|false&#8220; global_colors_info=&#8220;{}&#8220; button_text_color__hover=&#8220;#ffffff&#8220; button_text_color__hover_enabled=&#8220;on|desktop&#8220; button_bg_color__hover=&#8220;#1D1B40&#8243; button_bg_color__hover_enabled=&#8220;on|desktop&#8220; button_border_radius__hover=&#8220;3px&#8220; button_border_radius__hover_enabled=&#8220;on|hover&#8220; button_letter_spacing__hover=&#8220;1px&#8220; button_letter_spacing__hover_enabled=&#8220;on|desktop&#8220;][\/et_pb_button][et_pb_blog posts_number=&#8220;1&#8243; include_categories=&#8220;14,3&#8243; excerpt_length=&#8220;100&#8243; show_pagination=&#8220;off&#8220; _builder_version=&#8220;4.27.5&#8243; _dynamic_attributes=&#8220;link_option_url&#8220; _module_preset=&#8220;default&#8220; header_text_color=&#8220;#1D1B40&#8243; background_color=&#8220;#FFFFFF&#8220; custom_margin=&#8220;||96px||false|false&#8220; custom_padding=&#8220;20px|25px|1px|25px|false|true&#8220; link_option_url=&#8220;@ET-DC@eyJkeW5hbWljIjp0cnVlLCJjb250ZW50IjoicG9zdF9saW5rX3VybF9wYWdlIiwic2V0dGluZ3MiOnsicG9zdF9pZCI6IjI0In19@&#8220; hover_enabled=&#8220;0&#8243; box_shadow_style=&#8220;preset2&#8243; global_colors_info=&#8220;{}&#8220; sticky_enabled=&#8220;0&#8243;][\/et_pb_blog][\/et_pb_column][\/et_pb_row][et_pb_row _builder_version=&#8220;4.16&#8243; _module_preset=&#8220;default&#8220; custom_margin=&#8220;38px|auto|-48px|auto|false|false&#8220; global_colors_info=&#8220;{}&#8220;][et_pb_column type=&#8220;4_4&#8243; _builder_version=&#8220;4.16&#8243; _module_preset=&#8220;default&#8220; global_colors_info=&#8220;{}&#8220;][et_pb_divider color=&#8220;#1D1B40&#8243; divider_weight=&#8220;12px&#8220; _builder_version=&#8220;4.16&#8243; _module_preset=&#8220;default&#8220; custom_margin=&#8220;||9px||false|false&#8220; custom_padding=&#8220;||0px|||&#8220; global_colors_info=&#8220;{}&#8220;][\/et_pb_divider][\/et_pb_column][\/et_pb_row][\/et_pb_section][et_pb_section fb_built=&#8220;1&#8243; next_background_color=&#8220;#1D1B40&#8243; _builder_version=&#8220;4.16&#8243; _module_preset=&#8220;default&#8220; background_color=&#8220;#1D1B40&#8243; background_image=&#8220;https:\/\/divland.cz\/wp-content\/uploads\/2021\/11\/photo-2-2.jpg&#8220; height=&#8220;550px&#8220; custom_margin=&#8220;||0px||false|false&#8220; custom_padding=&#8220;151px||99px||false|false&#8220; bottom_divider_style=&#8220;slant&#8220; bottom_divider_flip=&#8220;horizontal&#8220; global_colors_info=&#8220;{}&#8220;][\/et_pb_section][et_pb_section fb_built=&#8220;1&#8243; _builder_version=&#8220;4.16&#8243; _module_preset=&#8220;default&#8220; background_color=&#8220;#1D1B40&#8243; custom_padding=&#8220;0px|||||&#8220; global_colors_info=&#8220;{}&#8220;][et_pb_row column_structure=&#8220;1_2,1_2&#8243; use_custom_gutter=&#8220;on&#8220; gutter_width=&#8220;1&#8243; make_equal=&#8220;on&#8220; _builder_version=&#8220;4.16&#8243; _module_preset=&#8220;default&#8220; width=&#8220;50%&#8220; max_width=&#8220;2560px&#8220; module_alignment=&#8220;right&#8220; custom_margin=&#8220;|||0px|false|false&#8220; global_colors_info=&#8220;{}&#8220;][et_pb_column type=&#8220;1_2&#8243; _builder_version=&#8220;4.16&#8243; _module_preset=&#8220;default&#8220; global_colors_info=&#8220;{}&#8220;][et_pb_image src=&#8220;https:\/\/divland.cz\/wp-content\/uploads\/2021\/11\/DivLand-logo-picture-2.png&#8220; title_text=&#8220;DivLand logo picture (2)&#8220; _builder_version=&#8220;4.16&#8243; _module_preset=&#8220;default&#8220; width=&#8220;27%&#8220; module_alignment=&#8220;right&#8220; custom_margin=&#8220;2px||0px||false|false&#8220; custom_padding=&#8220;0px||0px|0px|false|false&#8220; border_width_all=&#8220;14px&#8220; border_color_all=&#8220;#FFFFFF&#8220; global_colors_info=&#8220;{}&#8220;][\/et_pb_image][\/et_pb_column][et_pb_column type=&#8220;1_2&#8243; _builder_version=&#8220;4.16&#8243; _module_preset=&#8220;default&#8220; global_colors_info=&#8220;{}&#8220;][et_pb_image src=&#8220;https:\/\/divland.cz\/wp-content\/uploads\/2021\/10\/Program-Prostredi-pro-zivot.png&#8220; title_text=&#8220;Program Prost\u0159ed\u00ed pro \u017eivot&#8220; url=&#8220;https:\/\/www.tacr.cz\/&#8220; url_new_window=&#8220;on&#8220; _builder_version=&#8220;4.16&#8243; _module_preset=&#8220;default&#8220; width=&#8220;100%&#8220; module_alignment=&#8220;left&#8220; custom_margin=&#8220;1px||||false|false&#8220; global_colors_info=&#8220;{}&#8220;][\/et_pb_image][\/et_pb_column][\/et_pb_row][\/et_pb_section]<\/p>","protected":false},"excerpt":{"rendered":"<p>Centrum pro krajinu a biodiverzituCentrum pro krajinu a biodiverzituCentrum pro krajinu a biodiverzituCentrum pro krajinu a biodiverzitu sv\u00fdmi v\u00fdstupy pom\u016f\u017ee org\u00e1n\u016fm ochrany p\u0159\u00edrody a krajiny v \u010dele s Ministerstvem \u017eivotn\u00edho prost\u0159ed\u00ed p\u0159i \u0159e\u0161en\u00ed aktu\u00e1ln\u00edch probl\u00e9m\u016f, kter\u00e9 se v krajin\u011b a jej\u00edch ekosyst\u00e9mech objevuj\u00ed.DivLand se \u010dlen\u00ed na p\u011bt tematick\u00fdch skupin: Resilientn\u00ed krajina, Lesn\u00ed ekosyst\u00e9my, Agrosyst\u00e9my &amp; [&hellip;]<\/p>","protected":false},"author":1,"featured_media":0,"parent":0,"menu_order":0,"comment_status":"closed","ping_status":"closed","template":"","meta":{"_et_pb_use_builder":"on","_et_pb_old_content":"","_et_gb_content_width":"","cybocfi_hide_featured_image":"","footnotes":""},"difl_page_category":[],"class_list":["post-18","page","type-page","status-publish","hentry"],"_links":{"self":[{"href":"https:\/\/divland.cz\/en\/wp-json\/wp\/v2\/pages\/18","targetHints":{"allow":["GET"]}}],"collection":[{"href":"https:\/\/divland.cz\/en\/wp-json\/wp\/v2\/pages"}],"about":[{"href":"https:\/\/divland.cz\/en\/wp-json\/wp\/v2\/types\/page"}],"author":[{"embeddable":true,"href":"https:\/\/divland.cz\/en\/wp-json\/wp\/v2\/users\/1"}],"replies":[{"embeddable":true,"href":"https:\/\/divland.cz\/en\/wp-json\/wp\/v2\/comments?post=18"}],"version-history":[{"count":125,"href":"https:\/\/divland.cz\/en\/wp-json\/wp\/v2\/pages\/18\/revisions"}],"predecessor-version":[{"id":279676,"href":"https:\/\/divland.cz\/en\/wp-json\/wp\/v2\/pages\/18\/revisions\/279676"}],"wp:attachment":[{"href":"https:\/\/divland.cz\/en\/wp-json\/wp\/v2\/media?parent=18"}],"wp:term":[{"taxonomy":"difl_page_category","embeddable":true,"href":"https:\/\/divland.cz\/en\/wp-json\/wp\/v2\/difl_page_category?post=18"}],"curies":[{"name":"wp","href":"https:\/\/api.w.org\/{rel}","templated":true}]}}