{"id":453,"date":"2021-12-08T09:49:06","date_gmt":"2021-12-08T09:49:06","guid":{"rendered":"https:\/\/divland.cz\/?page_id=453"},"modified":"2026-02-04T14:10:14","modified_gmt":"2026-02-04T13:10:14","slug":"vystupy","status":"publish","type":"page","link":"https:\/\/divland.cz\/en\/vystupy\/","title":{"rendered":"Results"},"content":{"rendered":"<p>[et_pb_section fb_built=&#8220;1&#8243; admin_label=&#8220;Hero&#8220; _builder_version=&#8220;4.16&#8243; background_color=&#8220;#F8FBFE&#8220; custom_padding=&#8220;0px|0px|0px|0px&#8220; animation_style=&#8220;zoom&#8220; animation_intensity_zoom=&#8220;4%&#8220; global_colors_info=&#8220;{}&#8220;][et_pb_row column_structure=&#8220;1_2,1_2&#8243; use_custom_gutter=&#8220;on&#8220; gutter_width=&#8220;1&#8243; make_equal=&#8220;on&#8220; module_class=&#8220; et_pb_row_fullwidth&#8220; _builder_version=&#8220;4.16&#8243; background_color=&#8220;#C6C246&#8243; background_color_gradient_start=&#8220;#1d1b40&#8243; background_color_gradient_end=&#8220;#c6c246&#8243; background_image=&#8220;https:\/\/divland.cz\/wp-content\/uploads\/2021\/11\/circle-background-pattern.png&#8220; width=&#8220;100%&#8220; width_tablet=&#8220;100%&#8220; width_phone=&#8220;100%&#8220; width_last_edited=&#8220;on|desktop&#8220; max_width=&#8220;100%&#8220; max_width_tablet=&#8220;100%&#8220; max_width_phone=&#8220;100%&#8220; max_width_last_edited=&#8220;on|desktop&#8220; max_height=&#8220;430px&#8220; custom_padding=&#8220;0px||0px|&#8220; animation_style=&#8220;slide&#8220; animation_direction=&#8220;top&#8220; animation_intensity_slide=&#8220;3%&#8220; make_fullwidth=&#8220;on&#8220; global_colors_info=&#8220;{}&#8220;][et_pb_column type=&#8220;1_2&#8243; _builder_version=&#8220;4.16&#8243; custom_padding=&#8220;10%|8%|10%|8%&#8220; global_colors_info=&#8220;{}&#8220; custom_padding__hover=&#8220;|||&#8220;][et_pb_text _builder_version=&#8220;4.16&#8243; text_font=&#8220;Montserrat|500||on|||||&#8220; text_text_color=&#8220;#353740&#8243; text_font_size=&#8220;16px&#8220; text_letter_spacing=&#8220;3px&#8220; custom_margin=&#8220;-102px||45px||false|false&#8220; animation_style=&#8220;slide&#8220; animation_direction=&#8220;bottom&#8220; locked=&#8220;off&#8220; global_colors_info=&#8220;{}&#8220;]<\/p>\n<p>Centre for landscape and biodiversity<\/p>\n<p>[\/et_pb_text][et_pb_text _builder_version=&#8220;4.16&#8243; text_font=&#8220;||||||||&#8220; header_font=&#8220;Montserrat|700||on|||||&#8220; header_text_color=&#8220;#f7f7f7&#8243; header_font_size=&#8220;47px&#8220; header_line_height=&#8220;1.3em&#8220; custom_margin=&#8220;||40px|&#8220; custom_padding=&#8220;|||0px||&#8220; animation_style=&#8220;fade&#8220; header_font_size_last_edited=&#8220;off|desktop&#8220; locked=&#8220;off&#8220; global_colors_info=&#8220;{}&#8220;]<\/p>\n<h1><span style=\"color: #1d1b40;\">Results<\/span><\/h1>\n<p>[\/et_pb_text][et_pb_text _builder_version=&#8220;4.16&#8243; text_font=&#8220;Montserrat||||&#8220; text_text_color=&#8220;#353740&#8243; text_font_size=&#8220;15px&#8220; text_line_height=&#8220;1.8em&#8220; header_font=&#8220;||||||||&#8220; custom_margin=&#8220;||50px|&#8220; custom_padding=&#8220;||0px|||&#8220; animation_style=&#8220;slide&#8220; animation_direction=&#8220;top&#8220; animation_intensity_slide=&#8220;17%&#8220; locked=&#8220;off&#8220; global_colors_info=&#8220;{}&#8220;]<\/p>\n<p>Here you can find the outputs and results of the project (in Czech).<\/p>\n<p>[\/et_pb_text][\/et_pb_column][et_pb_column type=&#8220;1_2&#8243; _builder_version=&#8220;4.16&#8243; background_image=&#8220;https:\/\/divland.cz\/wp-content\/uploads\/2022\/02\/M-15-.jpg&#8220; custom_padding=&#8220;|||&#8220; global_colors_info=&#8220;{}&#8220; custom_padding__hover=&#8220;|||&#8220;][\/et_pb_column][\/et_pb_row][\/et_pb_section][et_pb_section fb_built=&#8220;1&#8243; admin_label=&#8220;Blog Section&#8220; _builder_version=&#8220;4.16&#8243; custom_margin=&#8220;|||&#8220; custom_padding=&#8220;0px||70px|||&#8220; global_colors_info=&#8220;{}&#8220;][et_pb_row _builder_version=&#8220;4.16&#8243; _module_preset=&#8220;default&#8220; global_colors_info=&#8220;{}&#8220;][et_pb_column type=&#8220;4_4&#8243; _builder_version=&#8220;4.16&#8243; _module_preset=&#8220;default&#8220; global_colors_info=&#8220;{}&#8220;][et_pb_text _builder_version=&#8220;4.27.5&#8243; _module_preset=&#8220;default&#8220; text_orientation=&#8220;center&#8220; module_alignment=&#8220;left&#8220; global_colors_info=&#8220;{}&#8220;]<\/p>\n<h1>Rok 2025:<\/h1>\n<p>[\/et_pb_text][et_pb_blog posts_number=&#8220;30&#8243; include_categories=&#8220;46&#8243; show_thumbnail=&#8220;off&#8220; show_author=&#8220;off&#8220; show_date=&#8220;off&#8220; show_categories=&#8220;off&#8220; show_pagination=&#8220;off&#8220; _builder_version=&#8220;4.27.5&#8243; _module_preset=&#8220;default&#8220; header_text_color=&#8220;#1D1B40&#8243; background_color=&#8220;#FFFFFF&#8220; text_orientation=&#8220;left&#8220; custom_margin=&#8220;0px|71px||71px|false|true&#8220; custom_padding=&#8220;47px|100px|5px|100px|false|true&#8220; hover_enabled=&#8220;0&#8243; border_radii_fullwidth=&#8220;on|9px|9px|9px|9px&#8220; box_shadow_style=&#8220;preset1&#8243; locked=&#8220;off&#8220; global_colors_info=&#8220;{}&#8220; sticky_enabled=&#8220;0&#8243;][\/et_pb_blog][et_pb_text _builder_version=&#8220;4.27.5&#8243; _module_preset=&#8220;default&#8220; text_orientation=&#8220;center&#8220; module_alignment=&#8220;left&#8220; global_colors_info=&#8220;{}&#8220;]<\/p>\n<h1>Rok 2024:<\/h1>\n<p>[\/et_pb_text][et_pb_blog posts_number=&#8220;30&#8243; include_categories=&#8220;41&#8243; show_thumbnail=&#8220;off&#8220; show_author=&#8220;off&#8220; show_date=&#8220;off&#8220; show_categories=&#8220;off&#8220; show_pagination=&#8220;off&#8220; _builder_version=&#8220;4.27.5&#8243; _module_preset=&#8220;default&#8220; header_text_color=&#8220;#1D1B40&#8243; background_color=&#8220;#FFFFFF&#8220; text_orientation=&#8220;left&#8220; custom_margin=&#8220;0px|71px||71px|false|true&#8220; custom_padding=&#8220;47px|100px|5px|100px|false|true&#8220; hover_enabled=&#8220;0&#8243; border_radii_fullwidth=&#8220;on|9px|9px|9px|9px&#8220; box_shadow_style=&#8220;preset1&#8243; locked=&#8220;off&#8220; global_colors_info=&#8220;{}&#8220; sticky_enabled=&#8220;0&#8243;][\/et_pb_blog][et_pb_text _builder_version=&#8220;4.24.0&#8243; _module_preset=&#8220;default&#8220; text_orientation=&#8220;center&#8220; module_alignment=&#8220;left&#8220; global_colors_info=&#8220;{}&#8220;]<\/p>\n<h1>Rok 2023:<\/h1>\n<p>[\/et_pb_text][et_pb_blog posts_number=&#8220;20&#8243; include_categories=&#8220;35&#8243; show_author=&#8220;off&#8220; show_date=&#8220;off&#8220; show_categories=&#8220;off&#8220; show_pagination=&#8220;off&#8220; _builder_version=&#8220;4.24.0&#8243; _module_preset=&#8220;default&#8220; header_text_color=&#8220;#1D1B40&#8243; background_color=&#8220;#FFFFFF&#8220; text_orientation=&#8220;left&#8220; custom_margin=&#8220;0px|71px|77px|71px|false|true&#8220; custom_padding=&#8220;47px|100px|5px|100px|false|true&#8220; border_radii_fullwidth=&#8220;on|9px|9px|9px|9px&#8220; box_shadow_style=&#8220;preset1&#8243; global_colors_info=&#8220;{}&#8220;][\/et_pb_blog][et_pb_text _builder_version=&#8220;4.19.5&#8243; _module_preset=&#8220;default&#8220; text_orientation=&#8220;center&#8220; module_alignment=&#8220;left&#8220; global_colors_info=&#8220;{}&#8220;]<\/p>\n<h1>Rok 2022:<\/h1>\n<p>[\/et_pb_text][et_pb_blog posts_number=&#8220;20&#8243; include_categories=&#8220;34&#8243; show_author=&#8220;off&#8220; show_date=&#8220;off&#8220; show_categories=&#8220;off&#8220; show_pagination=&#8220;off&#8220; _builder_version=&#8220;4.27.5&#8243; _module_preset=&#8220;default&#8220; header_text_color=&#8220;#1D1B40&#8243; background_color=&#8220;#FFFFFF&#8220; text_orientation=&#8220;left&#8220; custom_margin=&#8220;0px|71px|77px|71px|false|true&#8220; custom_padding=&#8220;47px|100px|5px|100px|false|true&#8220; hover_enabled=&#8220;0&#8243; border_radii_fullwidth=&#8220;on|9px|9px|9px|9px&#8220; box_shadow_style=&#8220;preset1&#8243; global_colors_info=&#8220;{}&#8220; sticky_enabled=&#8220;0&#8243;][\/et_pb_blog][et_pb_text _builder_version=&#8220;4.19.5&#8243; _module_preset=&#8220;default&#8220; text_orientation=&#8220;center&#8220; module_alignment=&#8220;left&#8220; global_colors_info=&#8220;{}&#8220;]<\/p>\n<h1>Rok 2021:<\/h1>\n<p>[\/et_pb_text][et_pb_blog include_categories=&#8220;36&#8243; show_thumbnail=&#8220;off&#8220; show_author=&#8220;off&#8220; show_date=&#8220;off&#8220; show_categories=&#8220;off&#8220; show_pagination=&#8220;off&#8220; _builder_version=&#8220;4.24.0&#8243; _module_preset=&#8220;default&#8220; header_text_color=&#8220;#1D1B40&#8243; background_color=&#8220;#FFFFFF&#8220; text_orientation=&#8220;left&#8220; custom_margin=&#8220;0px|71px||71px|false|true&#8220; custom_padding=&#8220;47px|100px|5px|100px|false|true&#8220; border_radii_fullwidth=&#8220;on|9px|9px|9px|9px&#8220; box_shadow_style=&#8220;preset1&#8243; global_colors_info=&#8220;{}&#8220;][\/et_pb_blog][\/et_pb_column][\/et_pb_row][\/et_pb_section][et_pb_section fb_built=&#8220;1&#8243; admin_label=&#8220;Contact Form Section&#8220; _builder_version=&#8220;4.16&#8243; background_color=&#8220;#C6C246&#8243; custom_padding=&#8220;0px||0px|||&#8220; animation_style=&#8220;zoom&#8220; animation_direction=&#8220;bottom&#8220; animation_intensity_zoom=&#8220;10%&#8220; saved_tabs=&#8220;all&#8220; global_colors_info=&#8220;{}&#8220;][\/et_pb_section]<\/p>","protected":false},"excerpt":{"rendered":"<p>Centrum pro krajinu a biodiverzituV\u00fdstupyZde najdete v\u00fdstupy a v\u00fdsledky, kter\u00e9 vznikaj\u00ed v r\u00e1mci projektu.Rok 2025:Rok 2024:Rok 2023:Rok 2022:Rok 2021:<\/p>","protected":false},"author":1,"featured_media":0,"parent":0,"menu_order":0,"comment_status":"closed","ping_status":"closed","template":"","meta":{"_et_pb_use_builder":"on","_et_pb_old_content":"","_et_gb_content_width":"","cybocfi_hide_featured_image":"","footnotes":""},"difl_page_category":[],"class_list":["post-453","page","type-page","status-publish","hentry"],"_links":{"self":[{"href":"https:\/\/divland.cz\/en\/wp-json\/wp\/v2\/pages\/453","targetHints":{"allow":["GET"]}}],"collection":[{"href":"https:\/\/divland.cz\/en\/wp-json\/wp\/v2\/pages"}],"about":[{"href":"https:\/\/divland.cz\/en\/wp-json\/wp\/v2\/types\/page"}],"author":[{"embeddable":true,"href":"https:\/\/divland.cz\/en\/wp-json\/wp\/v2\/users\/1"}],"replies":[{"embeddable":true,"href":"https:\/\/divland.cz\/en\/wp-json\/wp\/v2\/comments?post=453"}],"version-history":[{"count":36,"href":"https:\/\/divland.cz\/en\/wp-json\/wp\/v2\/pages\/453\/revisions"}],"predecessor-version":[{"id":279748,"href":"https:\/\/divland.cz\/en\/wp-json\/wp\/v2\/pages\/453\/revisions\/279748"}],"wp:attachment":[{"href":"https:\/\/divland.cz\/en\/wp-json\/wp\/v2\/media?parent=453"}],"wp:term":[{"taxonomy":"difl_page_category","embeddable":true,"href":"https:\/\/divland.cz\/en\/wp-json\/wp\/v2\/difl_page_category?post=453"}],"curies":[{"name":"wp","href":"https:\/\/api.w.org\/{rel}","templated":true}]}}