{"id":707,"date":"2022-04-25T09:42:44","date_gmt":"2022-04-25T08:42:44","guid":{"rendered":"https:\/\/divland.cz\/?page_id=707"},"modified":"2024-07-16T11:58:54","modified_gmt":"2024-07-16T10:58:54","slug":"komunikace","status":"publish","type":"page","link":"https:\/\/divland.cz\/en\/komunikace\/","title":{"rendered":"komunikace"},"content":{"rendered":"<p>[et_pb_section fb_built=&#8220;1&#8243; admin_label=&#8220;Hero&#8220; _builder_version=&#8220;4.16&#8243; custom_padding=&#8220;0px|0px|0px|0px&#8220; animation_style=&#8220;zoom&#8220; animation_intensity_zoom=&#8220;4%&#8220; saved_tabs=&#8220;all&#8220; global_colors_info=&#8220;{}&#8220;][et_pb_row column_structure=&#8220;1_2,1_2&#8243; use_custom_gutter=&#8220;on&#8220; gutter_width=&#8220;1&#8243; make_equal=&#8220;on&#8220; module_class=&#8220; et_pb_row_fullwidth&#8220; _builder_version=&#8220;4.17.3&#8243; background_color=&#8220;#C6C246&#8243; background_color_gradient_start=&#8220;#1d1b40&#8243; background_color_gradient_end=&#8220;#c6c246&#8243; background_image=&#8220;https:\/\/divland.cz\/wp-content\/uploads\/2021\/11\/circle-background-pattern.png&#8220; width=&#8220;100%&#8220; width_tablet=&#8220;100%&#8220; width_phone=&#8220;100%&#8220; width_last_edited=&#8220;on|desktop&#8220; max_width=&#8220;100%&#8220; max_width_tablet=&#8220;100%&#8220; max_width_phone=&#8220;100%&#8220; max_width_last_edited=&#8220;on|desktop&#8220; max_height=&#8220;364px&#8220; custom_padding=&#8220;0px||0px|&#8220; animation_style=&#8220;slide&#8220; animation_direction=&#8220;top&#8220; animation_intensity_slide=&#8220;3%&#8220; make_fullwidth=&#8220;on&#8220; global_colors_info=&#8220;{}&#8220;][et_pb_column type=&#8220;1_2&#8243; _builder_version=&#8220;4.16&#8243; custom_padding=&#8220;10%|8%|10%|8%&#8220; global_colors_info=&#8220;{}&#8220; custom_padding__hover=&#8220;|||&#8220;][et_pb_text _builder_version=&#8220;4.17.3&#8243; text_font=&#8220;Montserrat|500||on|||||&#8220; text_text_color=&#8220;#353740&#8243; text_font_size=&#8220;16px&#8220; text_letter_spacing=&#8220;3px&#8220; custom_margin=&#8220;-130px||27px||false|false&#8220; animation_style=&#8220;slide&#8220; animation_direction=&#8220;bottom&#8220; locked=&#8220;off&#8220; global_colors_info=&#8220;{}&#8220;]<\/p>\n<p>Centre for landscape and biodiversity<\/p>\n<p>[\/et_pb_text][et_pb_text _builder_version=&#8220;4.17.3&#8243; text_font=&#8220;||||||||&#8220; header_font=&#8220;Montserrat|700||on|||||&#8220; header_text_color=&#8220;#f7f7f7&#8243; header_font_size=&#8220;47px&#8220; header_line_height=&#8220;1.3em&#8220; custom_margin=&#8220;||23px|||&#8220; custom_padding=&#8220;||0px|2px||&#8220; animation_style=&#8220;fade&#8220; header_font_size_last_edited=&#8220;off|desktop&#8220; locked=&#8220;off&#8220; global_colors_info=&#8220;{}&#8220;]<\/p>\n<h1>vizu\u00e1ln\u00ed<br \/><span style=\"color: #1d1b40;\">materi\u00e1ly<\/span><\/h1>\n<p>[\/et_pb_text][et_pb_text _builder_version=&#8220;4.17.3&#8243; text_font=&#8220;Montserrat||||&#8220; text_text_color=&#8220;#353740&#8243; text_font_size=&#8220;15px&#8220; text_line_height=&#8220;1.8em&#8220; header_font=&#8220;||||||||&#8220; custom_margin=&#8220;-7px||50px|||&#8220; animation_style=&#8220;slide&#8220; animation_direction=&#8220;top&#8220; animation_intensity_slide=&#8220;17%&#8220; locked=&#8220;off&#8220; global_colors_info=&#8220;{}&#8220;]<\/p>\n<p>Zde jsou k dispozici materi\u00e1ly a informace, kter\u00e9 V\u00e1m pom\u016f\u017eou spr\u00e1vn\u011b a jednotn\u011b prezentovat projekt.<\/p>\n<p>[\/et_pb_text][\/et_pb_column][et_pb_column type=&#8220;1_2&#8243; _builder_version=&#8220;4.17.3&#8243; background_image=&#8220;https:\/\/divland.cz\/wp-content\/uploads\/2022\/04\/IMG_0090.jpg&#8220; custom_padding=&#8220;|||&#8220; global_colors_info=&#8220;{}&#8220; custom_padding__hover=&#8220;|||&#8220;][\/et_pb_column][\/et_pb_row][et_pb_row _builder_version=&#8220;4.16&#8243; _module_preset=&#8220;default&#8220; custom_margin=&#8220;0px||-35px||false|false&#8220; global_colors_info=&#8220;{}&#8220;][et_pb_column type=&#8220;4_4&#8243; _builder_version=&#8220;4.16&#8243; _module_preset=&#8220;default&#8220; global_colors_info=&#8220;{}&#8220;][et_pb_divider color=&#8220;#1D1B40&#8243; divider_weight=&#8220;17px&#8220; _builder_version=&#8220;4.16&#8243; _module_preset=&#8220;default&#8220; width=&#8220;100%&#8220; module_alignment=&#8220;center&#8220; custom_margin=&#8220;-27px||||false|false&#8220; global_colors_info=&#8220;{}&#8220;][\/et_pb_divider][\/et_pb_column][\/et_pb_row][\/et_pb_section][et_pb_section fb_built=&#8220;1&#8243; admin_label=&#8220;Service Section&#8220; _builder_version=&#8220;4.17.3&#8243; custom_margin=&#8220;|||&#8220; custom_padding=&#8220;0px||76px|||&#8220; global_colors_info=&#8220;{}&#8220;][et_pb_row admin_label=&#8220;Service Section Title&#8220; _builder_version=&#8220;4.16&#8243; custom_margin=&#8220;||40px|&#8220; custom_padding=&#8220;||0px|||&#8220; animation_style=&#8220;fade&#8220; animation_direction=&#8220;top&#8220; saved_tabs=&#8220;all&#8220; global_colors_info=&#8220;{}&#8220;][et_pb_column type=&#8220;4_4&#8243; _builder_version=&#8220;4.16&#8243; custom_padding=&#8220;|||&#8220; global_colors_info=&#8220;{}&#8220; custom_padding__hover=&#8220;|||&#8220;][et_pb_text admin_label=&#8220;Subtitle&#8220; _builder_version=&#8220;4.17.3&#8243; text_font=&#8220;Montserrat||||&#8220; text_text_color=&#8220;#747d88&#8243; text_font_size=&#8220;16px&#8220; text_line_height=&#8220;1.8em&#8220; header_font=&#8220;||||||||&#8220; text_orientation=&#8220;center&#8220; max_width=&#8220;700px&#8220; module_alignment=&#8220;center&#8220; custom_margin=&#8220;|||&#8220; animation_style=&#8220;slide&#8220; animation_direction=&#8220;bottom&#8220; animation_delay=&#8220;100ms&#8220; animation_intensity_slide=&#8220;4%&#8220; global_colors_info=&#8220;{}&#8220;]<\/p>\n<p>Ke sta\u017een\u00ed:<\/p>\n<p>[\/et_pb_text][\/et_pb_column][\/et_pb_row][et_pb_row _builder_version=&#8220;4.17.3&#8243; _module_preset=&#8220;default&#8220; min_height=&#8220;520.1px&#8220; custom_margin=&#8220;-10px||||false|false&#8220; global_colors_info=&#8220;{}&#8220;][et_pb_column type=&#8220;4_4&#8243; _builder_version=&#8220;4.17.3&#8243; _module_preset=&#8220;default&#8220; global_colors_info=&#8220;{}&#8220;][et_pb_blurb title=&#8220;Z\u00e1kladn\u00ed pravidla&#8220; image=&#8220;https:\/\/divland.cz\/wp-content\/uploads\/2022\/04\/Letak-pravidla-komunikace.png&#8220; image_icon_width=&#8220;200px&#8220; _builder_version=&#8220;4.26.1&#8243; _module_preset=&#8220;default&#8220; background_enable_image=&#8220;off&#8220; width=&#8220;58%&#8220; module_alignment=&#8220;center&#8220; custom_padding=&#8220;19px||19px||true|false&#8220; link_option_url=&#8220;https:\/\/divland.cz\/wp-content\/uploads\/2024\/07\/PDF-Letak-pravidla-komunikace.pdf&#8220; link_option_url_new_window=&#8220;on&#8220; hover_enabled=&#8220;0&#8243; border_radii=&#8220;on|8px|8px|8px|8px&#8220; box_shadow_style=&#8220;preset1&#8243; global_colors_info=&#8220;{}&#8220; sticky_enabled=&#8220;0&#8243;]<\/p>\n<p>vn\u011bj\u0161\u00ed komunikace projektu<\/p>\n<p>[\/et_pb_blurb][et_pb_blurb title=&#8220;Logomanu\u00e1l&#8220; use_icon=&#8220;on&#8220; font_icon=&#8220;&#xf0c8;||fa||900&#8243; icon_color=&#8220;#C6C246&#8243; icon_placement=&#8220;left&#8220; image_icon_width=&#8220;22px&#8220; _builder_version=&#8220;4.17.3&#8243; _module_preset=&#8220;default&#8220; width=&#8220;58%&#8220; module_alignment=&#8220;center&#8220; custom_padding=&#8220;19px||19px||true|false&#8220; link_option_url=&#8220;https:\/\/divland.cz\/wp-content\/uploads\/2022\/04\/divland_logomanual.pdf&#8220; link_option_url_new_window=&#8220;on&#8220; border_radii=&#8220;on|8px|8px|8px|8px&#8220; box_shadow_style=&#8220;preset1&#8243; global_colors_info=&#8220;{}&#8220;]<\/p>\n<p>Z\u00e1kladn\u00ed pravidla pou\u017e\u00edv\u00e1n\u00ed loga<\/p>\n<p>[\/et_pb_blurb][et_pb_blurb title=&#8220;Logo&#8220; use_icon=&#8220;on&#8220; font_icon=&#8220;&#xf0c8;||fa||900&#8243; icon_color=&#8220;#C6C246&#8243; icon_placement=&#8220;left&#8220; image_icon_width=&#8220;22px&#8220; _builder_version=&#8220;4.17.3&#8243; _module_preset=&#8220;default&#8220; width=&#8220;58%&#8220; module_alignment=&#8220;center&#8220; custom_padding=&#8220;19px||19px||true|false&#8220; link_option_url=&#8220;https:\/\/divland.cz\/wp-content\/uploads\/2022\/04\/DivLand-loga.zip&#8220; link_option_url_new_window=&#8220;on&#8220; border_radii=&#8220;on|8px|8px|8px|8px&#8220; box_shadow_style=&#8220;preset1&#8243; global_colors_info=&#8220;{}&#8220;]<\/p>\n<p>R\u016fzn\u00e9 varianty loga DivLand<\/p>\n<p>[\/et_pb_blurb][et_pb_blurb title=&#8220;Prezentace (.pptx)&#8220; use_icon=&#8220;on&#8220; font_icon=&#8220;&#xf0c8;||fa||900&#8243; icon_color=&#8220;#C6C246&#8243; icon_placement=&#8220;left&#8220; image_icon_width=&#8220;22px&#8220; _builder_version=&#8220;4.17.3&#8243; _module_preset=&#8220;default&#8220; width=&#8220;58%&#8220; module_alignment=&#8220;center&#8220; custom_padding=&#8220;19px||19px||true|false&#8220; link_option_url=&#8220;https:\/\/divland.cz\/wp-content\/uploads\/2022\/04\/Prezentace-DivLand-externi.pptx&#8220; link_option_url_new_window=&#8220;on&#8220; border_radii=&#8220;on|8px|8px|8px|8px&#8220; box_shadow_style=&#8220;preset1&#8243; global_colors_info=&#8220;{}&#8220;]<\/p>\n<p>\u0160ablona powerpointov\u00e9 prezentace<\/p>\n<p>[\/et_pb_blurb][et_pb_blurb title=&#8220;Presentation (.pptx)&#8220; use_icon=&#8220;on&#8220; font_icon=&#8220;&#xf0c8;||fa||900&#8243; icon_color=&#8220;#C6C246&#8243; icon_placement=&#8220;left&#8220; image_icon_width=&#8220;22px&#8220; _builder_version=&#8220;4.21.0&#8243; _module_preset=&#8220;default&#8220; width=&#8220;58%&#8220; module_alignment=&#8220;center&#8220; custom_padding=&#8220;19px||19px||true|false&#8220; link_option_url=&#8220;https:\/\/divland.cz\/wp-content\/uploads\/2023\/06\/Presentation-DivLand-external-EN.pptx&#8220; link_option_url_new_window=&#8220;on&#8220; border_radii=&#8220;on|8px|8px|8px|8px&#8220; box_shadow_style=&#8220;preset1&#8243; global_colors_info=&#8220;{}&#8220;]<\/p>\n<p>\u0160ablona powerpointov\u00e9 prezentace v AJ<\/p>\n<p>[\/et_pb_blurb][et_pb_blurb title=&#8220;\u0160ablona posteru (.pptx)&#8220; use_icon=&#8220;on&#8220; font_icon=&#8220;&#xf0c8;||fa||900&#8243; icon_color=&#8220;#C6C246&#8243; icon_placement=&#8220;left&#8220; image_icon_width=&#8220;22px&#8220; _builder_version=&#8220;4.21.0&#8243; _module_preset=&#8220;default&#8220; width=&#8220;58%&#8220; module_alignment=&#8220;center&#8220; custom_padding=&#8220;19px||19px||true|false&#8220; link_option_url=&#8220;https:\/\/divland.cz\/wp-content\/uploads\/2023\/06\/DivLand-vedecky-poster-sablona-NEW-CZ-1.pptx&#8220; link_option_url_new_window=&#8220;on&#8220; border_radii=&#8220;on|8px|8px|8px|8px&#8220; box_shadow_style=&#8220;preset1&#8243; global_colors_info=&#8220;{}&#8220;]<\/p>\n<p>\u0160ablona powerpointov\u00e9 prezentace<\/p>\n<p>[\/et_pb_blurb][et_pb_blurb title=&#8220;Poster template (.pptx)&#8220; use_icon=&#8220;on&#8220; font_icon=&#8220;&#xf0c8;||fa||900&#8243; icon_color=&#8220;#C6C246&#8243; icon_placement=&#8220;left&#8220; image_icon_width=&#8220;22px&#8220; _builder_version=&#8220;4.21.0&#8243; _module_preset=&#8220;default&#8220; width=&#8220;58%&#8220; module_alignment=&#8220;center&#8220; custom_padding=&#8220;19px||19px||true|false&#8220; link_option_url=&#8220;https:\/\/divland.cz\/wp-content\/uploads\/2023\/06\/DivLand-science-poster-template-NEW-EN.pptx&#8220; link_option_url_new_window=&#8220;on&#8220; border_radii=&#8220;on|8px|8px|8px|8px&#8220; box_shadow_style=&#8220;preset1&#8243; global_colors_info=&#8220;{}&#8220;]<\/p>\n<p>\u0160ablona powerpointov\u00e9 prezentace<\/p>\n<p>[\/et_pb_blurb][et_pb_blurb title=&#8220;Roz\u0161\u00ed\u0159en\u00fd dokument&#8220; use_icon=&#8220;on&#8220; font_icon=&#8220;&#xf0c8;||fa||900&#8243; icon_color=&#8220;#C6C246&#8243; icon_placement=&#8220;left&#8220; image_icon_width=&#8220;22px&#8220; _builder_version=&#8220;4.19.5&#8243; _dynamic_attributes=&#8220;link_option_url&#8220; _module_preset=&#8220;default&#8220; background_enable_image=&#8220;off&#8220; width=&#8220;58%&#8220; module_alignment=&#8220;center&#8220; custom_padding=&#8220;19px||19px||true|false&#8220; link_option_url=&#8220;@ET-DC@eyJkeW5hbWljIjp0cnVlLCJjb250ZW50IjoicG9zdF9saW5rX3VybF9hdHRhY2htZW50Iiwic2V0dGluZ3MiOnsicG9zdF9pZCI6Ijk0MyJ9fQ==@&#8220; link_option_url_new_window=&#8220;on&#8220; border_radii=&#8220;on|8px|8px|8px|8px&#8220; box_shadow_style=&#8220;preset1&#8243; global_colors_info=&#8220;{}&#8220;]<\/p>\n<p>\u0160ablona dokumentu k projektu DivLand<\/p>\n<p>[\/et_pb_blurb][et_pb_blurb title=&#8220;Pravidla publicity TA\u010cR&#8220; use_icon=&#8220;on&#8220; font_icon=&#8220;&#xf0c8;||fa||900&#8243; icon_color=&#8220;#C6C246&#8243; icon_placement=&#8220;left&#8220; image_icon_width=&#8220;22px&#8220; _builder_version=&#8220;4.17.3&#8243; _module_preset=&#8220;default&#8220; width=&#8220;58%&#8220; module_alignment=&#8220;center&#8220; custom_padding=&#8220;19px||19px||true|false&#8220; link_option_url=&#8220;https:\/\/divland.cz\/wp-content\/uploads\/2022\/04\/Povinna-publicita-aktualizovano-1.pdf&#8220; link_option_url_new_window=&#8220;on&#8220; border_radii=&#8220;on|8px|8px|8px|8px&#8220; box_shadow_style=&#8220;preset1&#8243; global_colors_info=&#8220;{}&#8220;]<\/p>\n<p>Pravidla publicity, kter\u00fdmi se tento projekt \u0159\u00edd\u00ed v kontextu Technologick\u00e9 Agentury \u010cR.<\/p>\n<p>[\/et_pb_blurb][et_pb_blurb title=&#8220;Logolink Prost\u0159ed\u00ed Pro \u017divot&#8220; use_icon=&#8220;on&#8220; font_icon=&#8220;&#xf0c8;||fa||900&#8243; icon_color=&#8220;#C6C246&#8243; icon_placement=&#8220;left&#8220; image_icon_width=&#8220;22px&#8220; _builder_version=&#8220;4.20.0&#8243; _module_preset=&#8220;default&#8220; width=&#8220;58%&#8220; module_alignment=&#8220;center&#8220; custom_padding=&#8220;19px||19px||true|false&#8220; link_option_url=&#8220;https:\/\/149658005.v2.pressablecdn.com\/wp-content\/uploads\/2022\/04\/Program-Prostredi-pro-zivot.png&#8220; link_option_url_new_window=&#8220;on&#8220; border_radii=&#8220;on|8px|8px|8px|8px&#8220; box_shadow_style=&#8220;preset1&#8243; global_colors_info=&#8220;{}&#8220;]<\/p>\n<p>Vizu\u00e1ln\u00ed prvek TA\u010cR s informac\u00ed o financov\u00e1n\u00ed projektu. (Pokud je mo\u017en\u00e9 pou\u017e\u00edt aktivn\u00ed formu, m\u011bla by odkazovat na <a href=\"https:\/\/www.tacr.cz\/)\">https:\/\/www.tacr.cz\/)<\/a><\/p>\n<p>AJ verze logolinku\u00a0<a href=\"https:\/\/divland.cz\/wp-content\/uploads\/2023\/02\/Prostredi-pro-zivot-Programme_inverse.png\" target=\"_blank\" rel=\"noopener\"><strong>ZDE<\/strong><\/a><\/p>\n<p>&nbsp;<\/p>\n<p>[\/et_pb_blurb][\/et_pb_column][\/et_pb_row][\/et_pb_section]<\/p>","protected":false},"excerpt":{"rendered":"<p>Centrum pro krajinu a biodiverzituvizu\u00e1ln\u00edmateri\u00e1lyZde jsou k dispozici materi\u00e1ly a informace, kter\u00e9 V\u00e1m pom\u016f\u017eou spr\u00e1vn\u011b a jednotn\u011b prezentovat projekt.Ke sta\u017een\u00ed:vn\u011bj\u0161\u00ed komunikace projektuZ\u00e1kladn\u00ed pravidla pou\u017e\u00edv\u00e1n\u00ed logaR\u016fzn\u00e9 varianty loga DivLand\u0160ablona powerpointov\u00e9 prezentace\u0160ablona powerpointov\u00e9 prezentace v AJ\u0160ablona powerpointov\u00e9 prezentace\u0160ablona powerpointov\u00e9 prezentace\u0160ablona dokumentu k projektu DivLandPravidla publicity, kter\u00fdmi se tento projekt \u0159\u00edd\u00ed v kontextu Technologick\u00e9 Agentury \u010cR.Vizu\u00e1ln\u00ed prvek TA\u010cR [&hellip;]<\/p>","protected":false},"author":1,"featured_media":0,"parent":0,"menu_order":0,"comment_status":"closed","ping_status":"closed","template":"","meta":{"_et_pb_use_builder":"on","_et_pb_old_content":"","_et_gb_content_width":"","cybocfi_hide_featured_image":"","footnotes":""},"difl_page_category":[],"class_list":["post-707","page","type-page","status-publish","hentry"],"_links":{"self":[{"href":"https:\/\/divland.cz\/en\/wp-json\/wp\/v2\/pages\/707","targetHints":{"allow":["GET"]}}],"collection":[{"href":"https:\/\/divland.cz\/en\/wp-json\/wp\/v2\/pages"}],"about":[{"href":"https:\/\/divland.cz\/en\/wp-json\/wp\/v2\/types\/page"}],"author":[{"embeddable":true,"href":"https:\/\/divland.cz\/en\/wp-json\/wp\/v2\/users\/1"}],"replies":[{"embeddable":true,"href":"https:\/\/divland.cz\/en\/wp-json\/wp\/v2\/comments?post=707"}],"version-history":[{"count":36,"href":"https:\/\/divland.cz\/en\/wp-json\/wp\/v2\/pages\/707\/revisions"}],"predecessor-version":[{"id":279555,"href":"https:\/\/divland.cz\/en\/wp-json\/wp\/v2\/pages\/707\/revisions\/279555"}],"wp:attachment":[{"href":"https:\/\/divland.cz\/en\/wp-json\/wp\/v2\/media?parent=707"}],"wp:term":[{"taxonomy":"difl_page_category","embeddable":true,"href":"https:\/\/divland.cz\/en\/wp-json\/wp\/v2\/difl_page_category?post=707"}],"curies":[{"name":"wp","href":"https:\/\/api.w.org\/{rel}","templated":true}]}}